{"id":1490,"date":"2022-09-10T08:38:00","date_gmt":"2022-09-10T06:38:00","guid":{"rendered":"https:\/\/hovravandrarhem.se\/boka-ett-rum\/"},"modified":"2026-01-29T16:09:40","modified_gmt":"2026-01-29T15:09:40","slug":"boka-ett-rum","status":"publish","type":"page","link":"https:\/\/hovravandrarhem.se\/sv\/boka-ett-rum\/","title":{"rendered":"Boka ett rum"},"content":{"rendered":"<div class=\"wpb-content-wrapper\"><p>[vc_row][vc_column]<style type=\"text\/css\" data-type=\"the7_shortcodes-inline-css\">.carousel-shortcode.carousel-shortcode-id-67acd3200c6d2fdecd376f423d3badc4.owl-carousel .owl-nav div {\n  width: 36px;\n  height: 36px;\n  border-radius: 500px;\n}\n.dt-arrow-border-on.carousel-shortcode.carousel-shortcode-id-67acd3200c6d2fdecd376f423d3badc4.owl-carousel .owl-nav div:not(:hover):before {\n  border-width: 0px;\n}\n.dt-arrow-hover-border-on.carousel-shortcode.carousel-shortcode-id-67acd3200c6d2fdecd376f423d3badc4.owl-carousel .owl-nav div:hover:after {\n  border-width: 0px;\n}\n.carousel-shortcode.carousel-shortcode-id-67acd3200c6d2fdecd376f423d3badc4.owl-carousel .owl-nav div.owl-prev {\n  top: 50%;\n  transform: translateY(calc(-50% + 0px));\n  left: -43px;\n}\n@media all and (-ms-high-contrast: none) {\n  .carousel-shortcode.carousel-shortcode-id-67acd3200c6d2fdecd376f423d3badc4.owl-carousel .owl-nav div.owl-prev {\n    transform: translateY(-50%);\n    margin-top: 0px;\n  }\n}\n.carousel-shortcode.carousel-shortcode-id-67acd3200c6d2fdecd376f423d3badc4.owl-carousel .owl-nav div.owl-prev i {\n  padding: 0px 0px 0px 0px;\n}\n.carousel-shortcode.carousel-shortcode-id-67acd3200c6d2fdecd376f423d3badc4.owl-carousel .owl-nav div.owl-next {\n  top: 50%;\n  transform: translateY(calc(-50% + 0px));\n  right: -43px;\n}\n@media all and (-ms-high-contrast: none) {\n  .carousel-shortcode.carousel-shortcode-id-67acd3200c6d2fdecd376f423d3badc4.owl-carousel .owl-nav div.owl-next {\n    transform: translateY(-50%);\n    margin-top: 0px;\n  }\n}\n.carousel-shortcode.carousel-shortcode-id-67acd3200c6d2fdecd376f423d3badc4.owl-carousel .owl-nav div.owl-next i {\n  padding: 0px 0px 0px 0px;\n}\n.carousel-shortcode.carousel-shortcode-id-67acd3200c6d2fdecd376f423d3badc4.owl-carousel .owl-nav i {\n  font-size: 18px;\n}\n.carousel-shortcode.carousel-shortcode-id-67acd3200c6d2fdecd376f423d3badc4.owl-carousel .owl-nav div:not(:hover) i,\n.carousel-shortcode.carousel-shortcode-id-67acd3200c6d2fdecd376f423d3badc4.owl-carousel .owl-nav div:not(:hover) i:before {\n  color: #ffffff;\n  background: none;\n}\n.carousel-shortcode.carousel-shortcode-id-67acd3200c6d2fdecd376f423d3badc4.owl-carousel .owl-nav div:hover i,\n.carousel-shortcode.carousel-shortcode-id-67acd3200c6d2fdecd376f423d3badc4.owl-carousel .owl-nav div:hover i:before {\n  color: rgba(255,255,255,0.75);\n  background: none;\n}\n.carousel-shortcode.carousel-shortcode-id-67acd3200c6d2fdecd376f423d3badc4 .owl-dots {\n  top: calc(100% + 20px);\n  left: 50%;\n  transform: translateX(calc(-50% + 0px));\n}\n@media all and (-ms-high-contrast: none) {\n  .carousel-shortcode.carousel-shortcode-id-67acd3200c6d2fdecd376f423d3badc4 .owl-dots {\n    transform: translateX(-50%);\n    margin-left: 0px;\n  }\n}\n.carousel-shortcode.carousel-shortcode-id-67acd3200c6d2fdecd376f423d3badc4 .owl-dot {\n  width: 10px;\n  height: 10px;\n  margin: 0 8px;\n}\n@media screen and (max-width: 778px) {\n  .carousel-shortcode.carousel-shortcode-id-67acd3200c6d2fdecd376f423d3badc4.hide-arrows .owl-nav a {\n    display: none;\n  }\n}\n@media screen and (max-width: 778px) {\n  .carousel-shortcode.carousel-shortcode-id-67acd3200c6d2fdecd376f423d3badc4.reposition-arrows .owl-nav div.owl-prev {\n    top: 50%;\n    transform: translateY(calc(-50% + 0px));\n    left: 10px;\n  }\n  .carousel-shortcode.carousel-shortcode-id-67acd3200c6d2fdecd376f423d3badc4.reposition-arrows .owl-nav div.owl-next {\n    top: 50%;\n    transform: translateY(calc(-50% + 0px));\n    right: 10px;\n  }\n}\n@media screen and (max-width: 778px) and all and (-ms-high-contrast: none) {\n  .carousel-shortcode.carousel-shortcode-id-67acd3200c6d2fdecd376f423d3badc4.reposition-arrows .owl-nav div.owl-prev {\n    transform: translateY(-50%);\n    margin-top: 0px;\n  }\n}\n@media screen and (max-width: 778px) and all and (-ms-high-contrast: none) {\n  .carousel-shortcode.carousel-shortcode-id-67acd3200c6d2fdecd376f423d3badc4.reposition-arrows .owl-nav div.owl-next {\n    transform: translateY(-50%);\n    margin-top: 0px;\n  }\n}<\/style><div class=\"owl-carousel carousel-shortcode dt-owl-carousel-call carousel-shortcode-id-67acd3200c6d2fdecd376f423d3badc4 bullets-small-dot-stroke reposition-arrows arrows-bg-on dt-arrow-border-on dt-arrow-hover-border-on disable-arrows-hover-bg arrows-hover-bg-on  \" data-scroll-mode=\"1\" data-col-num=\"3\" data-wide-col-num=\"4\" data-laptop-col=\"3\" data-h-tablet-columns-num=\"3\" data-v-tablet-columns-num=\"2\" data-phone-columns-num=\"1\" data-auto-height=\"true\" data-col-gap=\"1\" data-stage-padding=\"0\" data-speed=\"600\" data-autoplay=\"false\" data-autoplay_speed=\"6000\" data-arrows=\"true\" data-bullet=\"false\" data-next-icon=\"icon-ar-017-r\" data-prev-icon=\"icon-ar-017-l\">[vc_single_image image=&#8221;1236&#8243; img_size=&#8221;250&#215;250&#8243; alignment=&#8221;center&#8221; style=&#8221;vc_box_circle_2&#8243; onclick=&#8221;link_image&#8221;][vc_single_image image=&#8221;1233&#8243; img_size=&#8221;250&#215;250&#8243; alignment=&#8221;center&#8221; style=&#8221;vc_box_circle_2&#8243; onclick=&#8221;link_image&#8221;][vc_single_image image=&#8221;1230&#8243; img_size=&#8221;250&#215;250&#8243; alignment=&#8221;center&#8221; style=&#8221;vc_box_circle_2&#8243; onclick=&#8221;link_image&#8221;][vc_single_image image=&#8221;1227&#8243; img_size=&#8221;250&#215;250&#8243; alignment=&#8221;center&#8221; style=&#8221;vc_box_circle_2&#8243; onclick=&#8221;link_image&#8221;][vc_single_image image=&#8221;1287&#8243; img_size=&#8221;250&#215;250&#8243; alignment=&#8221;center&#8221; style=&#8221;vc_box_circle_2&#8243; onclick=&#8221;link_image&#8221;]<\/div>[\/vc_column][\/vc_row][vc_row css=&#8221;.vc_custom_1676379980791{margin-top: 50px !important;}&#8221;][vc_column width=&#8221;1\/3&#8243;][vc_column_text]I byggnaden Bl\u00e4ckhornet kan du bo i ett av v\u00e5ra familjerum. Duschar och toaletter \u00e4r gemensamma och anv\u00e4ndning av det gemensamma k\u00f6ket ing\u00e5r naturligtvis.<\/p>\n<p>Vi tar inte ut n\u00e5gon st\u00e4davgift, och anv\u00e4ndning av s\u00e4ngkl\u00e4der och handdukar ing\u00e5r ocks\u00e5![\/vc_column_text][\/vc_column][vc_column width=&#8221;1\/3&#8243;][vc_column_text css=&#8221;&#8221;]<strong>L\u00c5GS\u00c4SONG<\/strong><\/p>\n<p>Ekonomi Familjerum<\/p>\n<p>1 person: 625 SEK<br \/>\n2 personer: 1000 SEK<br \/>\n3 personer: 1150 SEK<br \/>\n4 personer 1300 SEK<br \/>\n5 personers svit: 1550 SEK[\/vc_column_text][\/vc_column][vc_column width=&#8221;1\/3&#8243;][vc_column_text css=&#8221;&#8221;]<strong>H\u00d6GS\u00c4SONG<\/strong><\/p>\n<p>Ekonomi Familjerum<\/p>\n<p>1 person: 775 SEK<br \/>\n2 personer: 1150 SEK<br \/>\n3 personer 1250 SEK<br \/>\n4 personer 1450 SEK<br \/>\n5 personers svit: 1650 SEK[\/vc_column_text][\/vc_column][\/vc_row][vc_row css=&#8221;.vc_custom_1698491155687{margin-top: 25px !important;margin-bottom: 50px !important;}&#8221;][vc_column][vc_column_text css=&#8221;&#8221;]<\/p>\n<p style=\"text-align: center;\"><strong>H\u00f6gs\u00e4song<\/strong>: 7 feb &#8211; 8 mar, 28 mar &#8211; 12 apr, 6 jun &#8211; 6 sep, 19 dec &#8211; 31 dec<\/p>\n<p>[\/vc_column_text][\/vc_column][\/vc_row][vc_row][vc_column]<div id=\"ultimate-heading-496069e091dfe8c65\" class=\"uvc-heading ult-adjust-bottom-margin ultimate-heading-496069e091dfe8c65 uvc-8467  uvc-heading-default-font-sizes\" data-hspacer=\"no_spacer\"  data-halign=\"center\" style=\"text-align:center\"><div class=\"uvc-heading-spacer no_spacer\" style=\"top\"><\/div><div class=\"uvc-main-heading ult-responsive\"  data-ultimate-target='.uvc-heading.ultimate-heading-496069e091dfe8c65 h2'  data-responsive-json-new='{\"font-size\":\"\",\"line-height\":\"\"}' ><h2 style=\"--font-weight:theme;\">Boka ett rum?<\/h2><\/div><div class=\"uvc-sub-heading ult-responsive\"  data-ultimate-target='.uvc-heading.ultimate-heading-496069e091dfe8c65 .uvc-sub-heading '  data-responsive-json-new='{\"font-size\":\"\",\"line-height\":\"\"}'  style=\"font-weight:normal;\"><\/p>\n<p>kontakta oss p\u00e5 <a href=\"mailto:info@hovravandrarhem.se\">info@hovravandrarhem.se<\/a> eller l\u00e4mna ett meddelande<\/p>\n<p><\/div><\/div>[\/vc_column][\/vc_row][vc_row][vc_column width=&#8221;1\/3&#8243;][\/vc_column][vc_column width=&#8221;1\/3&#8243;]<form class=\"dt-contact-form dt-form\" method=\"post\"><input type=\"hidden\" name=\"widget_id\" value=\"presscore-contact-form-widget--1\" \/><input type=\"hidden\" name=\"send_message\" value=\"\" \/><input type=\"hidden\" name=\"security_token\" value=\"7f81d1f88a8639db5449\"\/><div class=\"form-fields\"><span class=\"form-name\"><label class=\"assistive-text\">Namn *<\/label><input type=\"text\" class=\"validate[required]\" placeholder=\"Namn *\" name=\"name\" value=\"\" aria-required=\"true\">\n<\/span><span class=\"form-mail\"><label class=\"assistive-text\">E-post *<\/label><input type=\"text\" class=\"validate[required,custom[email]]\" placeholder=\"E-post *\" name=\"email\" value=\"\" aria-required=\"true\">\n<\/span><\/div><span class=\"form-message\"><label class=\"assistive-text\">Meddelande *<\/label><textarea class=\"validate[required]\" placeholder=\"Meddelande *\" name=\"message\" rows=\"4\" aria-required=\"true\"><\/textarea>\n<\/span><p><a href=\"#\" class=\"dt-btn dt-btn-m dt-btn-submit\" rel=\"nofollow\"><span>Send message<\/span><\/a><input class=\"assistive-text\" type=\"submit\" value=\"skicka\"><\/p><\/form>\n[\/vc_column][vc_column width=&#8221;1\/3&#8243;][\/vc_column][\/vc_row]<\/p>\n<\/div>","protected":false},"excerpt":{"rendered":"<p>[vc_row][vc_column][\/vc_column][\/vc_row][vc_row css=&#8221;.vc_custom_1676379980791{margin-top: 50px !important;}&#8221;][vc_column width=&#8221;1\/3&#8243;][vc_column_text]I byggnaden Bl\u00e4ckhornet kan du bo i ett av v\u00e5ra familjerum. Duschar och toaletter \u00e4r gemensamma och anv\u00e4ndning av det gemensamma k\u00f6ket ing\u00e5r naturligtvis. Vi tar inte ut n\u00e5gon st\u00e4davgift, och anv\u00e4ndning av s\u00e4ngkl\u00e4der och handdukar ing\u00e5r ocks\u00e5![\/vc_column_text][\/vc_column][vc_column width=&#8221;1\/3&#8243;][vc_column_text css=&#8221;&#8221;]L\u00c5GS\u00c4SONG Ekonomi Familjerum 1 person: 625 SEK 2 personer: 1000 SEK 3&hellip;<\/p>\n","protected":false},"author":1,"featured_media":2231,"parent":0,"menu_order":0,"comment_status":"closed","ping_status":"closed","template":"","meta":{"footnotes":""},"class_list":["post-1490","page","type-page","status-publish","has-post-thumbnail","hentry","description-off"],"yoast_head":"<!-- This site is optimized with the Yoast SEO plugin v27.3 - https:\/\/yoast.com\/product\/yoast-seo-wordpress\/ -->\n<title>Boka ett rum - Hovra Vandrarhem<\/title>\n<meta name=\"description\" content=\"Boka ett rum i en av v\u00e5ra autentiska byggnader och upplev vad Sverige har att erbjuda!\" \/>\n<meta name=\"robots\" content=\"index, follow, max-snippet:-1, max-image-preview:large, max-video-preview:-1\" \/>\n<link rel=\"canonical\" href=\"https:\/\/hovravandrarhem.se\/sv\/boka-ett-rum\/\" \/>\n<meta property=\"og:locale\" content=\"sv_SE\" \/>\n<meta property=\"og:type\" content=\"article\" \/>\n<meta property=\"og:title\" content=\"Boka ett rum - Hovra Vandrarhem\" \/>\n<meta property=\"og:description\" content=\"Boka ett rum i en av v\u00e5ra autentiska byggnader och upplev vad Sverige har att erbjuda!\" \/>\n<meta property=\"og:url\" content=\"https:\/\/hovravandrarhem.se\/sv\/boka-ett-rum\/\" \/>\n<meta property=\"og:site_name\" content=\"Hovra Vandrarhem\" \/>\n<meta property=\"article:modified_time\" content=\"2026-01-29T15:09:40+00:00\" \/>\n<meta property=\"og:image\" content=\"https:\/\/hovravandrarhem.se\/wp-content\/uploads\/2023\/12\/IMG20231127102825-Groot.jpg\" \/>\n\t<meta property=\"og:image:width\" content=\"1440\" \/>\n\t<meta property=\"og:image:height\" content=\"1080\" \/>\n\t<meta property=\"og:image:type\" content=\"image\/jpeg\" \/>\n<meta name=\"twitter:card\" content=\"summary_large_image\" \/>\n<meta name=\"twitter:label1\" content=\"Ber\u00e4knad l\u00e4stid\" \/>\n\t<meta name=\"twitter:data1\" content=\"2 minuter\" \/>\n<script type=\"application\/ld+json\" class=\"yoast-schema-graph\">{\"@context\":\"https:\\\/\\\/schema.org\",\"@graph\":[{\"@type\":\"WebPage\",\"@id\":\"https:\\\/\\\/hovravandrarhem.se\\\/sv\\\/boka-ett-rum\\\/\",\"url\":\"https:\\\/\\\/hovravandrarhem.se\\\/sv\\\/boka-ett-rum\\\/\",\"name\":\"Boka ett rum - Hovra Vandrarhem\",\"isPartOf\":{\"@id\":\"https:\\\/\\\/hovravandrarhem.se\\\/#website\"},\"primaryImageOfPage\":{\"@id\":\"https:\\\/\\\/hovravandrarhem.se\\\/sv\\\/boka-ett-rum\\\/#primaryimage\"},\"image\":{\"@id\":\"https:\\\/\\\/hovravandrarhem.se\\\/sv\\\/boka-ett-rum\\\/#primaryimage\"},\"thumbnailUrl\":\"https:\\\/\\\/hovravandrarhem.se\\\/wp-content\\\/uploads\\\/2023\\\/12\\\/IMG20231127102825-Groot.jpg\",\"datePublished\":\"2022-09-10T06:38:00+00:00\",\"dateModified\":\"2026-01-29T15:09:40+00:00\",\"description\":\"Boka ett rum i en av v\u00e5ra autentiska byggnader och upplev vad Sverige har att erbjuda!\",\"breadcrumb\":{\"@id\":\"https:\\\/\\\/hovravandrarhem.se\\\/sv\\\/boka-ett-rum\\\/#breadcrumb\"},\"inLanguage\":\"sv-SE\",\"potentialAction\":[{\"@type\":\"ReadAction\",\"target\":[\"https:\\\/\\\/hovravandrarhem.se\\\/sv\\\/boka-ett-rum\\\/\"]}]},{\"@type\":\"ImageObject\",\"inLanguage\":\"sv-SE\",\"@id\":\"https:\\\/\\\/hovravandrarhem.se\\\/sv\\\/boka-ett-rum\\\/#primaryimage\",\"url\":\"https:\\\/\\\/hovravandrarhem.se\\\/wp-content\\\/uploads\\\/2023\\\/12\\\/IMG20231127102825-Groot.jpg\",\"contentUrl\":\"https:\\\/\\\/hovravandrarhem.se\\\/wp-content\\\/uploads\\\/2023\\\/12\\\/IMG20231127102825-Groot.jpg\",\"width\":1440,\"height\":1080},{\"@type\":\"BreadcrumbList\",\"@id\":\"https:\\\/\\\/hovravandrarhem.se\\\/sv\\\/boka-ett-rum\\\/#breadcrumb\",\"itemListElement\":[{\"@type\":\"ListItem\",\"position\":1,\"name\":\"Home\",\"item\":\"https:\\\/\\\/hovravandrarhem.se\\\/sv\\\/hem\\\/\"},{\"@type\":\"ListItem\",\"position\":2,\"name\":\"Boka ett rum\"}]},{\"@type\":\"WebSite\",\"@id\":\"https:\\\/\\\/hovravandrarhem.se\\\/#website\",\"url\":\"https:\\\/\\\/hovravandrarhem.se\\\/\",\"name\":\"Hovra Vandrarhem\",\"description\":\"\",\"potentialAction\":[{\"@type\":\"SearchAction\",\"target\":{\"@type\":\"EntryPoint\",\"urlTemplate\":\"https:\\\/\\\/hovravandrarhem.se\\\/?s={search_term_string}\"},\"query-input\":{\"@type\":\"PropertyValueSpecification\",\"valueRequired\":true,\"valueName\":\"search_term_string\"}}],\"inLanguage\":\"sv-SE\"}]}<\/script>\n<!-- \/ Yoast SEO plugin. -->","yoast_head_json":{"title":"Boka ett rum - Hovra Vandrarhem","description":"Boka ett rum i en av v\u00e5ra autentiska byggnader och upplev vad Sverige har att erbjuda!","robots":{"index":"index","follow":"follow","max-snippet":"max-snippet:-1","max-image-preview":"max-image-preview:large","max-video-preview":"max-video-preview:-1"},"canonical":"https:\/\/hovravandrarhem.se\/sv\/boka-ett-rum\/","og_locale":"sv_SE","og_type":"article","og_title":"Boka ett rum - Hovra Vandrarhem","og_description":"Boka ett rum i en av v\u00e5ra autentiska byggnader och upplev vad Sverige har att erbjuda!","og_url":"https:\/\/hovravandrarhem.se\/sv\/boka-ett-rum\/","og_site_name":"Hovra Vandrarhem","article_modified_time":"2026-01-29T15:09:40+00:00","og_image":[{"width":1440,"height":1080,"url":"https:\/\/hovravandrarhem.se\/wp-content\/uploads\/2023\/12\/IMG20231127102825-Groot.jpg","type":"image\/jpeg"}],"twitter_card":"summary_large_image","twitter_misc":{"Ber\u00e4knad l\u00e4stid":"2 minuter"},"schema":{"@context":"https:\/\/schema.org","@graph":[{"@type":"WebPage","@id":"https:\/\/hovravandrarhem.se\/sv\/boka-ett-rum\/","url":"https:\/\/hovravandrarhem.se\/sv\/boka-ett-rum\/","name":"Boka ett rum - Hovra Vandrarhem","isPartOf":{"@id":"https:\/\/hovravandrarhem.se\/#website"},"primaryImageOfPage":{"@id":"https:\/\/hovravandrarhem.se\/sv\/boka-ett-rum\/#primaryimage"},"image":{"@id":"https:\/\/hovravandrarhem.se\/sv\/boka-ett-rum\/#primaryimage"},"thumbnailUrl":"https:\/\/hovravandrarhem.se\/wp-content\/uploads\/2023\/12\/IMG20231127102825-Groot.jpg","datePublished":"2022-09-10T06:38:00+00:00","dateModified":"2026-01-29T15:09:40+00:00","description":"Boka ett rum i en av v\u00e5ra autentiska byggnader och upplev vad Sverige har att erbjuda!","breadcrumb":{"@id":"https:\/\/hovravandrarhem.se\/sv\/boka-ett-rum\/#breadcrumb"},"inLanguage":"sv-SE","potentialAction":[{"@type":"ReadAction","target":["https:\/\/hovravandrarhem.se\/sv\/boka-ett-rum\/"]}]},{"@type":"ImageObject","inLanguage":"sv-SE","@id":"https:\/\/hovravandrarhem.se\/sv\/boka-ett-rum\/#primaryimage","url":"https:\/\/hovravandrarhem.se\/wp-content\/uploads\/2023\/12\/IMG20231127102825-Groot.jpg","contentUrl":"https:\/\/hovravandrarhem.se\/wp-content\/uploads\/2023\/12\/IMG20231127102825-Groot.jpg","width":1440,"height":1080},{"@type":"BreadcrumbList","@id":"https:\/\/hovravandrarhem.se\/sv\/boka-ett-rum\/#breadcrumb","itemListElement":[{"@type":"ListItem","position":1,"name":"Home","item":"https:\/\/hovravandrarhem.se\/sv\/hem\/"},{"@type":"ListItem","position":2,"name":"Boka ett rum"}]},{"@type":"WebSite","@id":"https:\/\/hovravandrarhem.se\/#website","url":"https:\/\/hovravandrarhem.se\/","name":"Hovra Vandrarhem","description":"","potentialAction":[{"@type":"SearchAction","target":{"@type":"EntryPoint","urlTemplate":"https:\/\/hovravandrarhem.se\/?s={search_term_string}"},"query-input":{"@type":"PropertyValueSpecification","valueRequired":true,"valueName":"search_term_string"}}],"inLanguage":"sv-SE"}]}},"_links":{"self":[{"href":"https:\/\/hovravandrarhem.se\/sv\/wp-json\/wp\/v2\/pages\/1490","targetHints":{"allow":["GET"]}}],"collection":[{"href":"https:\/\/hovravandrarhem.se\/sv\/wp-json\/wp\/v2\/pages"}],"about":[{"href":"https:\/\/hovravandrarhem.se\/sv\/wp-json\/wp\/v2\/types\/page"}],"author":[{"embeddable":true,"href":"https:\/\/hovravandrarhem.se\/sv\/wp-json\/wp\/v2\/users\/1"}],"replies":[{"embeddable":true,"href":"https:\/\/hovravandrarhem.se\/sv\/wp-json\/wp\/v2\/comments?post=1490"}],"version-history":[{"count":52,"href":"https:\/\/hovravandrarhem.se\/sv\/wp-json\/wp\/v2\/pages\/1490\/revisions"}],"predecessor-version":[{"id":2604,"href":"https:\/\/hovravandrarhem.se\/sv\/wp-json\/wp\/v2\/pages\/1490\/revisions\/2604"}],"wp:featuredmedia":[{"embeddable":true,"href":"https:\/\/hovravandrarhem.se\/sv\/wp-json\/wp\/v2\/media\/2231"}],"wp:attachment":[{"href":"https:\/\/hovravandrarhem.se\/sv\/wp-json\/wp\/v2\/media?parent=1490"}],"curies":[{"name":"wp","href":"https:\/\/api.w.org\/{rel}","templated":true}]}}