{"id":1743,"date":"2023-04-08T13:05:13","date_gmt":"2023-04-08T11:05:13","guid":{"rendered":"https:\/\/hovravandrarhem.se\/kafe\/"},"modified":"2025-01-12T20:37:08","modified_gmt":"2025-01-12T19:37:08","slug":"kafe","status":"publish","type":"page","link":"https:\/\/hovravandrarhem.se\/sv\/kafe\/","title":{"rendered":"Kaf\u00e9"},"content":{"rendered":"<div class=\"wpb-content-wrapper\"><p>[vc_row][vc_column]<div id=\"ultimate-heading-40969f37b9a59600\" class=\"uvc-heading ult-adjust-bottom-margin ultimate-heading-40969f37b9a59600 uvc-7274  uvc-heading-default-font-sizes\" data-hspacer=\"no_spacer\"  data-halign=\"center\" style=\"text-align:center\"><div class=\"uvc-heading-spacer no_spacer\" style=\"top\"><\/div><div class=\"uvc-main-heading ult-responsive\"  data-ultimate-target='.uvc-heading.ultimate-heading-40969f37b9a59600 h2'  data-responsive-json-new='{\"font-size\":\"\",\"line-height\":\"\"}' ><h2 style=\"--font-weight:theme;\">V\u00e4lkommen till v\u00e5rt kaf\u00e9<\/h2><\/div><\/div>[\/vc_column][\/vc_row][vc_row css=&#8221;.vc_custom_1680864584134{margin-top: 75px !important;}&#8221;][vc_column width=&#8221;1\/2&#8243; css=&#8221;.vc_custom_1736709175810{margin-top: 0px !important;margin-right: 50px !important;}&#8221;][vc_column_text css=&#8221;&#8221;]H\u00e4r kan du \u00e4ta lunch, fika eller bara ta ett snabbt kaffe p\u00e5 v\u00e4gen.<\/p>\n<p>Allt br\u00f6d vi serverar \u00e4r hembakat med noggrant utvalda ingredienser. Vi har vanligtvis vegetariska, veganska och laktosfria alternativ. Se v\u00e5r meny f\u00f6r att se alla alternativ.<\/p>\n<p>F\u00f6r att vi \u00e4r ett familjef\u00f6retag och vill ha tillr\u00e4ckligt med tid f\u00f6r v\u00e5r familj har vi beslutat att st\u00e4nga caf\u00e9et under n\u00e5gra helger under v\u00e5ren 2025.<\/p>\n<p>Caf\u00e9et kommer att vara st\u00e4ngt den:<\/p>\n<p>24-27 januari<br \/>\n8 &amp; 9 februari<br \/>\n22 &amp; 23 mars<br \/>\n12 &amp; 13 april<\/p>\n<p>Vi har semester vecka 21.<\/p>\n<p>&nbsp;<\/p>\n<p>\u00d6ppettider f\u00f6r caf\u00e9et:<\/p>\n<p style=\"text-align: left;\">\n<table id=\"tablepress-3\" class=\"tablepress tablepress-id-3\">\n<tbody>\n<tr class=\"row-1\">\n\t<td class=\"column-1\">M\u00e5ndag<\/td><td class=\"column-2\">1100 - 1600<\/td>\n<\/tr>\n<tr class=\"row-2\">\n\t<td class=\"column-1\">Tisdag<\/td><td class=\"column-2\">ST\u00c4NGT<\/td>\n<\/tr>\n<tr class=\"row-3\">\n\t<td class=\"column-1\">Onsdag<\/td><td class=\"column-2\">ST\u00c4NGT<\/td>\n<\/tr>\n<tr class=\"row-4\">\n\t<td class=\"column-1\">Torsdag<\/td><td class=\"column-2\">1100 - 1600<\/td>\n<\/tr>\n<tr class=\"row-5\">\n\t<td class=\"column-1\">Fredag<\/td><td class=\"column-2\">1100 - 1600<\/td>\n<\/tr>\n<tr class=\"row-6\">\n\t<td class=\"column-1\">L\u00f6rdag<\/td><td class=\"column-2\">1100 - 1600<\/td>\n<\/tr>\n<tr class=\"row-7\">\n\t<td class=\"column-1\">S\u00f6ndag<\/td><td class=\"column-2\">1100 - 1600<\/td>\n<\/tr>\n<\/tbody>\n<\/table>\n<!-- #tablepress-3 from cache --><\/p>\n<p>[\/vc_column_text]<style type=\"text\/css\" data-type=\"the7_shortcodes-inline-css\">.gallery-shortcode.gallery-masonry-shortcode-id-d0359dfa82a6d4baa294a573f10a44f0 figure,\n.gallery-shortcode.gallery-masonry-shortcode-id-d0359dfa82a6d4baa294a573f10a44f0 .rollover,\n.gallery-shortcode.gallery-masonry-shortcode-id-d0359dfa82a6d4baa294a573f10a44f0 img,\n.gallery-shortcode.gallery-masonry-shortcode-id-d0359dfa82a6d4baa294a573f10a44f0 .gallery-rollover {\n  border-radius: 0px;\n}\n.gallery-shortcode.gallery-masonry-shortcode-id-d0359dfa82a6d4baa294a573f10a44f0.enable-bg-rollover .gallery-rollover {\n  background: -webkit-linear-gradient();\n  background: linear-gradient();\n}\n.gallery-shortcode.gallery-masonry-shortcode-id-d0359dfa82a6d4baa294a573f10a44f0.enable-bg-rollover.hover-scale figure .rollover:after {\n  background: -webkit-linear-gradient();\n  background: linear-gradient();\n}\n.gallery-shortcode.gallery-masonry-shortcode-id-d0359dfa82a6d4baa294a573f10a44f0 .gallery-zoom-ico {\n  width: 44px;\n  height: 44px;\n  line-height: 44px;\n  border-radius: 100px;\n  margin: -22px 0 0 -22px;\n  border-width: 0px;\n  color: #ffffff;\n}\n.dt-icon-bg-on.gallery-shortcode.gallery-masonry-shortcode-id-d0359dfa82a6d4baa294a573f10a44f0 .gallery-zoom-ico {\n  background: rgba(255,255,255,0.3);\n  box-shadow: none;\n}\n.gallery-shortcode.gallery-masonry-shortcode-id-d0359dfa82a6d4baa294a573f10a44f0 .gallery-zoom-ico:before,\n.gallery-shortcode.gallery-masonry-shortcode-id-d0359dfa82a6d4baa294a573f10a44f0 .gallery-zoom-ico span {\n  font-size: 32px;\n  line-height: 44px;\n  color: #ffffff;\n}\n.gallery-shortcode.gallery-masonry-shortcode-id-d0359dfa82a6d4baa294a573f10a44f0:not(.resize-by-browser-width) .dt-css-grid {\n  grid-row-gap: 10px;\n  grid-column-gap: 10px;\n  grid-template-columns: repeat(auto-fill,minmax(,1fr));\n}\n.gallery-shortcode.gallery-masonry-shortcode-id-d0359dfa82a6d4baa294a573f10a44f0:not(.resize-by-browser-width) .dt-css-grid .double-width {\n  grid-column: span 2;\n}\n.cssgridlegacy.no-cssgrid .gallery-shortcode.gallery-masonry-shortcode-id-d0359dfa82a6d4baa294a573f10a44f0:not(.resize-by-browser-width) .dt-css-grid,\n.no-cssgridlegacy.no-cssgrid .gallery-shortcode.gallery-masonry-shortcode-id-d0359dfa82a6d4baa294a573f10a44f0:not(.resize-by-browser-width) .dt-css-grid {\n  display: flex;\n  flex-flow: row wrap;\n  margin: -5px;\n}\n.cssgridlegacy.no-cssgrid .gallery-shortcode.gallery-masonry-shortcode-id-d0359dfa82a6d4baa294a573f10a44f0:not(.resize-by-browser-width) .dt-css-grid .wf-cell,\n.no-cssgridlegacy.no-cssgrid .gallery-shortcode.gallery-masonry-shortcode-id-d0359dfa82a6d4baa294a573f10a44f0:not(.resize-by-browser-width) .dt-css-grid .wf-cell {\n  flex: 1 0 ;\n  max-width: 100%;\n  padding: 5px;\n  box-sizing: border-box;\n}\n.gallery-shortcode.gallery-masonry-shortcode-id-d0359dfa82a6d4baa294a573f10a44f0.resize-by-browser-width .dt-css-grid {\n  grid-template-columns: repeat(2,1fr);\n  grid-template-rows: auto;\n  grid-column-gap: 10px;\n  grid-row-gap: 10px;\n}\n.gallery-shortcode.gallery-masonry-shortcode-id-d0359dfa82a6d4baa294a573f10a44f0.resize-by-browser-width .dt-css-grid .double-width {\n  grid-column: span 2;\n}\n.cssgridlegacy.no-cssgrid .gallery-shortcode.gallery-masonry-shortcode-id-d0359dfa82a6d4baa294a573f10a44f0.resize-by-browser-width .dt-css-grid {\n  margin: -5px;\n}\n.cssgridlegacy.no-cssgrid .gallery-shortcode.gallery-masonry-shortcode-id-d0359dfa82a6d4baa294a573f10a44f0.resize-by-browser-width .dt-css-grid .wf-cell {\n  width: 50%;\n  padding: 5px;\n}\n.cssgridlegacy.no-cssgrid .gallery-shortcode.gallery-masonry-shortcode-id-d0359dfa82a6d4baa294a573f10a44f0.resize-by-browser-width .dt-css-grid .wf-cell.double-width {\n  width: calc(50%) * 2;\n}\n.gallery-shortcode.gallery-masonry-shortcode-id-d0359dfa82a6d4baa294a573f10a44f0.resize-by-browser-width:not(.centered-layout-list):not(.content-bg-on) .dt-css-grid {\n  grid-row-gap: 10px - ;\n}\n@media screen and (max-width: 1199px) {\n  .gallery-shortcode.gallery-masonry-shortcode-id-d0359dfa82a6d4baa294a573f10a44f0.resize-by-browser-width .dt-css-grid {\n    grid-template-columns: repeat(2,1fr);\n  }\n  .cssgridlegacy.no-cssgrid .gallery-shortcode.gallery-masonry-shortcode-id-d0359dfa82a6d4baa294a573f10a44f0.resize-by-browser-width .dt-css-grid .wf-cell,\n  .no-cssgridlegacy.no-cssgrid .gallery-shortcode.gallery-masonry-shortcode-id-d0359dfa82a6d4baa294a573f10a44f0.resize-by-browser-width .dt-css-grid .wf-cell {\n    width: 50%;\n  }\n  .cssgridlegacy.no-cssgrid .gallery-shortcode.gallery-masonry-shortcode-id-d0359dfa82a6d4baa294a573f10a44f0.resize-by-browser-width .dt-css-grid .wf-cell.double-width,\n  .no-cssgridlegacy.no-cssgrid .gallery-shortcode.gallery-masonry-shortcode-id-d0359dfa82a6d4baa294a573f10a44f0.resize-by-browser-width .dt-css-grid .wf-cell.double-width {\n    width: calc(50%)*2;\n  }\n}\n@media screen and (max-width: 991px) {\n  .gallery-shortcode.gallery-masonry-shortcode-id-d0359dfa82a6d4baa294a573f10a44f0.resize-by-browser-width .dt-css-grid {\n    grid-template-columns: repeat(2,1fr);\n  }\n  .cssgridlegacy.no-cssgrid .gallery-shortcode.gallery-masonry-shortcode-id-d0359dfa82a6d4baa294a573f10a44f0.resize-by-browser-width .dt-css-grid .wf-cell,\n  .no-cssgridlegacy.no-cssgrid .gallery-shortcode.gallery-masonry-shortcode-id-d0359dfa82a6d4baa294a573f10a44f0.resize-by-browser-width .dt-css-grid .wf-cell {\n    width: 50%;\n  }\n  .cssgridlegacy.no-cssgrid .gallery-shortcode.gallery-masonry-shortcode-id-d0359dfa82a6d4baa294a573f10a44f0.resize-by-browser-width .dt-css-grid .wf-cell.double-width,\n  .no-cssgridlegacy.no-cssgrid .gallery-shortcode.gallery-masonry-shortcode-id-d0359dfa82a6d4baa294a573f10a44f0.resize-by-browser-width .dt-css-grid .wf-cell.double-width {\n    width: calc(50%)*2;\n  }\n}\n@media screen and (max-width: 767px) {\n  .gallery-shortcode.gallery-masonry-shortcode-id-d0359dfa82a6d4baa294a573f10a44f0.resize-by-browser-width .dt-css-grid {\n    grid-template-columns: repeat(2,1fr);\n  }\n  .cssgridlegacy.no-cssgrid .gallery-shortcode.gallery-masonry-shortcode-id-d0359dfa82a6d4baa294a573f10a44f0.resize-by-browser-width .dt-css-grid .wf-cell,\n  .no-cssgridlegacy.no-cssgrid .gallery-shortcode.gallery-masonry-shortcode-id-d0359dfa82a6d4baa294a573f10a44f0.resize-by-browser-width .dt-css-grid .wf-cell {\n    width: 50%;\n  }\n  .cssgridlegacy.no-cssgrid .gallery-shortcode.gallery-masonry-shortcode-id-d0359dfa82a6d4baa294a573f10a44f0.resize-by-browser-width .dt-css-grid .wf-cell.double-width,\n  .no-cssgridlegacy.no-cssgrid .gallery-shortcode.gallery-masonry-shortcode-id-d0359dfa82a6d4baa294a573f10a44f0.resize-by-browser-width .dt-css-grid .wf-cell.double-width {\n    width: calc(50%)*2;\n  }\n}<\/style><div class=\"gallery-shortcode dt-gallery-container gallery-masonry-shortcode-id-d0359dfa82a6d4baa294a573f10a44f0 mode-masonry jquery-filter dt-icon-bg-off quick-scale-img enable-bg-rollover resize-by-browser-width  vc_custom_1736709779528 hover-fade loading-effect-none description-on-hover\" data-padding=\"5px\" data-cur-page=\"1\" data-post-limit=\"-1\" data-pagination-mode=\"none\" data-desktop-columns-num=\"2\" data-v-tablet-columns-num=\"2\" data-h-tablet-columns-num=\"2\" data-phone-columns-num=\"2\" data-width=\"0px\" data-columns=\"0\"><div class=\"iso-container\" ><div class=\"wf-cell iso-item\" data-post-id=\"2512\" data-date=\"2025-01-12T20:22:19+01:00\" data-name=\"menuw website 2025 1\"><figure class=\"post visible\"><a href=\"https:\/\/hovravandrarhem.se\/wp-content\/uploads\/2025\/01\/menuw-website-2025-1.jpg\" class=\"rollover dt-pswp-item layzr-bg\" data-large_image_width=\"535\" data-large_image_height=\"756\" data-dt-img-description=\"\" title=\"menuw website 2025 1\"><img fetchpriority=\"high\" decoding=\"async\" class=\"preload-me iso-lazy-load aspect\" src=\"data:image\/svg+xml,%3Csvg%20xmlns%3D&#39;http%3A%2F%2Fwww.w3.org%2F2000%2Fsvg&#39;%20viewBox%3D&#39;0%200%20535%20756&#39;%2F%3E\" data-src=\"https:\/\/hovravandrarhem.se\/wp-content\/uploads\/2025\/01\/menuw-website-2025-1.jpg\" data-srcset=\"https:\/\/hovravandrarhem.se\/wp-content\/uploads\/2025\/01\/menuw-website-2025-1.jpg 535w\" loading=\"eager\" style=\"--ratio: 535 \/ 756\" sizes=\"(max-width: 535px) 100vw, 535px\" alt=\"\" width=\"535\" height=\"756\"  \/><span class=\"gallery-rollover\"><span class=\"gallery-zoom-ico icomoon-the7-font-the7-zoom-06\"><span><\/span><\/span><\/span><\/a><\/figure><\/div><div class=\"wf-cell iso-item\" data-post-id=\"2515\" data-date=\"2025-01-12T20:22:20+01:00\" data-name=\"menu website 2025 2\"><figure class=\"post visible\"><a href=\"https:\/\/hovravandrarhem.se\/wp-content\/uploads\/2025\/01\/menu-website-2025-2.jpg\" class=\"rollover dt-pswp-item layzr-bg\" data-large_image_width=\"532\" data-large_image_height=\"754\" data-dt-img-description=\"\" title=\"menu website 2025 2\"><img decoding=\"async\" class=\"preload-me iso-lazy-load aspect\" src=\"data:image\/svg+xml,%3Csvg%20xmlns%3D&#39;http%3A%2F%2Fwww.w3.org%2F2000%2Fsvg&#39;%20viewBox%3D&#39;0%200%20532%20754&#39;%2F%3E\" data-src=\"https:\/\/hovravandrarhem.se\/wp-content\/uploads\/2025\/01\/menu-website-2025-2.jpg\" data-srcset=\"https:\/\/hovravandrarhem.se\/wp-content\/uploads\/2025\/01\/menu-website-2025-2.jpg 532w\" loading=\"eager\" style=\"--ratio: 532 \/ 754\" sizes=\"(max-width: 532px) 100vw, 532px\" alt=\"\" width=\"532\" height=\"754\"  \/><span class=\"gallery-rollover\"><span class=\"gallery-zoom-ico icomoon-the7-font-the7-zoom-06\"><span><\/span><\/span><\/span><\/a><\/figure><\/div><\/div><!-- iso-container|iso-grid --><\/div>[\/vc_column][vc_column width=&#8221;1\/2&#8243;][vc_single_image image=&#8221;1257&#8243; img_size=&#8221;700&#215;500&#8243; alignment=&#8221;right&#8221; onclick=&#8221;link_image&#8221;][vc_single_image image=&#8221;1248&#8243; img_size=&#8221;700&#215;500&#8243; onclick=&#8221;link_image&#8221; css=&#8221;.vc_custom_1736709232349{margin-top: 250px !important;}&#8221;][\/vc_column][\/vc_row][vc_row][vc_column][\/vc_column][\/vc_row]<\/p>\n<\/div>","protected":false},"excerpt":{"rendered":"<p>[vc_row][vc_column][\/vc_column][\/vc_row][vc_row css=&#8221;.vc_custom_1680864584134{margin-top: 75px !important;}&#8221;][vc_column width=&#8221;1\/2&#8243; css=&#8221;.vc_custom_1736709175810{margin-top: 0px !important;margin-right: 50px !important;}&#8221;][vc_column_text css=&#8221;&#8221;]H\u00e4r kan du \u00e4ta lunch, fika eller bara ta ett snabbt kaffe p\u00e5 v\u00e4gen. Allt br\u00f6d vi serverar \u00e4r hembakat med noggrant utvalda ingredienser. Vi har vanligtvis vegetariska, veganska och laktosfria alternativ. Se v\u00e5r meny f\u00f6r att se alla alternativ. F\u00f6r att vi \u00e4r ett&hellip;<\/p>\n","protected":false},"author":1,"featured_media":1260,"parent":0,"menu_order":0,"comment_status":"closed","ping_status":"closed","template":"","meta":{"footnotes":""},"class_list":["post-1743","page","type-page","status-publish","has-post-thumbnail","hentry","description-off"],"yoast_head":"<!-- This site is optimized with the Yoast SEO plugin v27.4 - https:\/\/yoast.com\/product\/yoast-seo-wordpress\/ -->\n<title>Kaf\u00e9 - Hovra Vandrarhem<\/title>\n<meta name=\"description\" content=\"Bes\u00f6k v\u00e5rt caf\u00e9 f\u00f6r lunch eller fika!\" \/>\n<meta name=\"robots\" content=\"index, follow, max-snippet:-1, max-image-preview:large, max-video-preview:-1\" \/>\n<link rel=\"canonical\" href=\"https:\/\/hovravandrarhem.se\/sv\/kafe\/\" \/>\n<meta property=\"og:locale\" content=\"sv_SE\" \/>\n<meta property=\"og:type\" content=\"article\" \/>\n<meta property=\"og:title\" content=\"Kaf\u00e9 - Hovra Vandrarhem\" \/>\n<meta property=\"og:description\" content=\"Bes\u00f6k v\u00e5rt caf\u00e9 f\u00f6r lunch eller fika!\" \/>\n<meta property=\"og:url\" content=\"https:\/\/hovravandrarhem.se\/sv\/kafe\/\" \/>\n<meta property=\"og:site_name\" content=\"Hovra Vandrarhem\" \/>\n<meta property=\"article:modified_time\" content=\"2025-01-12T19:37:08+00:00\" \/>\n<meta property=\"og:image\" content=\"https:\/\/hovravandrarhem.se\/wp-content\/uploads\/2023\/02\/20230121-125723-Hovra-Vandrarhem-2023.jpg\" \/>\n\t<meta property=\"og:image:width\" content=\"1619\" \/>\n\t<meta property=\"og:image:height\" content=\"1080\" \/>\n\t<meta property=\"og:image:type\" content=\"image\/jpeg\" \/>\n<meta name=\"twitter:card\" content=\"summary_large_image\" \/>\n<meta name=\"twitter:label1\" content=\"Ber\u00e4knad l\u00e4stid\" \/>\n\t<meta name=\"twitter:data1\" content=\"1 minut\" \/>\n<script type=\"application\/ld+json\" class=\"yoast-schema-graph\">{\"@context\":\"https:\\\/\\\/schema.org\",\"@graph\":[{\"@type\":\"WebPage\",\"@id\":\"https:\\\/\\\/hovravandrarhem.se\\\/sv\\\/kafe\\\/\",\"url\":\"https:\\\/\\\/hovravandrarhem.se\\\/sv\\\/kafe\\\/\",\"name\":\"Kaf\u00e9 - Hovra Vandrarhem\",\"isPartOf\":{\"@id\":\"https:\\\/\\\/hovravandrarhem.se\\\/#website\"},\"primaryImageOfPage\":{\"@id\":\"https:\\\/\\\/hovravandrarhem.se\\\/sv\\\/kafe\\\/#primaryimage\"},\"image\":{\"@id\":\"https:\\\/\\\/hovravandrarhem.se\\\/sv\\\/kafe\\\/#primaryimage\"},\"thumbnailUrl\":\"https:\\\/\\\/hovravandrarhem.se\\\/wp-content\\\/uploads\\\/2023\\\/02\\\/20230121-125723-Hovra-Vandrarhem-2023.jpg\",\"datePublished\":\"2023-04-08T11:05:13+00:00\",\"dateModified\":\"2025-01-12T19:37:08+00:00\",\"description\":\"Bes\u00f6k v\u00e5rt caf\u00e9 f\u00f6r lunch eller fika!\",\"breadcrumb\":{\"@id\":\"https:\\\/\\\/hovravandrarhem.se\\\/sv\\\/kafe\\\/#breadcrumb\"},\"inLanguage\":\"sv-SE\",\"potentialAction\":[{\"@type\":\"ReadAction\",\"target\":[\"https:\\\/\\\/hovravandrarhem.se\\\/sv\\\/kafe\\\/\"]}]},{\"@type\":\"ImageObject\",\"inLanguage\":\"sv-SE\",\"@id\":\"https:\\\/\\\/hovravandrarhem.se\\\/sv\\\/kafe\\\/#primaryimage\",\"url\":\"https:\\\/\\\/hovravandrarhem.se\\\/wp-content\\\/uploads\\\/2023\\\/02\\\/20230121-125723-Hovra-Vandrarhem-2023.jpg\",\"contentUrl\":\"https:\\\/\\\/hovravandrarhem.se\\\/wp-content\\\/uploads\\\/2023\\\/02\\\/20230121-125723-Hovra-Vandrarhem-2023.jpg\",\"width\":1619,\"height\":1080},{\"@type\":\"BreadcrumbList\",\"@id\":\"https:\\\/\\\/hovravandrarhem.se\\\/sv\\\/kafe\\\/#breadcrumb\",\"itemListElement\":[{\"@type\":\"ListItem\",\"position\":1,\"name\":\"Home\",\"item\":\"https:\\\/\\\/hovravandrarhem.se\\\/sv\\\/hem\\\/\"},{\"@type\":\"ListItem\",\"position\":2,\"name\":\"Kaf\u00e9\"}]},{\"@type\":\"WebSite\",\"@id\":\"https:\\\/\\\/hovravandrarhem.se\\\/#website\",\"url\":\"https:\\\/\\\/hovravandrarhem.se\\\/\",\"name\":\"Hovra Vandrarhem\",\"description\":\"\",\"potentialAction\":[{\"@type\":\"SearchAction\",\"target\":{\"@type\":\"EntryPoint\",\"urlTemplate\":\"https:\\\/\\\/hovravandrarhem.se\\\/?s={search_term_string}\"},\"query-input\":{\"@type\":\"PropertyValueSpecification\",\"valueRequired\":true,\"valueName\":\"search_term_string\"}}],\"inLanguage\":\"sv-SE\"}]}<\/script>\n<!-- \/ Yoast SEO plugin. -->","yoast_head_json":{"title":"Kaf\u00e9 - Hovra Vandrarhem","description":"Bes\u00f6k v\u00e5rt caf\u00e9 f\u00f6r lunch eller fika!","robots":{"index":"index","follow":"follow","max-snippet":"max-snippet:-1","max-image-preview":"max-image-preview:large","max-video-preview":"max-video-preview:-1"},"canonical":"https:\/\/hovravandrarhem.se\/sv\/kafe\/","og_locale":"sv_SE","og_type":"article","og_title":"Kaf\u00e9 - Hovra Vandrarhem","og_description":"Bes\u00f6k v\u00e5rt caf\u00e9 f\u00f6r lunch eller fika!","og_url":"https:\/\/hovravandrarhem.se\/sv\/kafe\/","og_site_name":"Hovra Vandrarhem","article_modified_time":"2025-01-12T19:37:08+00:00","og_image":[{"width":1619,"height":1080,"url":"https:\/\/hovravandrarhem.se\/wp-content\/uploads\/2023\/02\/20230121-125723-Hovra-Vandrarhem-2023.jpg","type":"image\/jpeg"}],"twitter_card":"summary_large_image","twitter_misc":{"Ber\u00e4knad l\u00e4stid":"1 minut"},"schema":{"@context":"https:\/\/schema.org","@graph":[{"@type":"WebPage","@id":"https:\/\/hovravandrarhem.se\/sv\/kafe\/","url":"https:\/\/hovravandrarhem.se\/sv\/kafe\/","name":"Kaf\u00e9 - Hovra Vandrarhem","isPartOf":{"@id":"https:\/\/hovravandrarhem.se\/#website"},"primaryImageOfPage":{"@id":"https:\/\/hovravandrarhem.se\/sv\/kafe\/#primaryimage"},"image":{"@id":"https:\/\/hovravandrarhem.se\/sv\/kafe\/#primaryimage"},"thumbnailUrl":"https:\/\/hovravandrarhem.se\/wp-content\/uploads\/2023\/02\/20230121-125723-Hovra-Vandrarhem-2023.jpg","datePublished":"2023-04-08T11:05:13+00:00","dateModified":"2025-01-12T19:37:08+00:00","description":"Bes\u00f6k v\u00e5rt caf\u00e9 f\u00f6r lunch eller fika!","breadcrumb":{"@id":"https:\/\/hovravandrarhem.se\/sv\/kafe\/#breadcrumb"},"inLanguage":"sv-SE","potentialAction":[{"@type":"ReadAction","target":["https:\/\/hovravandrarhem.se\/sv\/kafe\/"]}]},{"@type":"ImageObject","inLanguage":"sv-SE","@id":"https:\/\/hovravandrarhem.se\/sv\/kafe\/#primaryimage","url":"https:\/\/hovravandrarhem.se\/wp-content\/uploads\/2023\/02\/20230121-125723-Hovra-Vandrarhem-2023.jpg","contentUrl":"https:\/\/hovravandrarhem.se\/wp-content\/uploads\/2023\/02\/20230121-125723-Hovra-Vandrarhem-2023.jpg","width":1619,"height":1080},{"@type":"BreadcrumbList","@id":"https:\/\/hovravandrarhem.se\/sv\/kafe\/#breadcrumb","itemListElement":[{"@type":"ListItem","position":1,"name":"Home","item":"https:\/\/hovravandrarhem.se\/sv\/hem\/"},{"@type":"ListItem","position":2,"name":"Kaf\u00e9"}]},{"@type":"WebSite","@id":"https:\/\/hovravandrarhem.se\/#website","url":"https:\/\/hovravandrarhem.se\/","name":"Hovra Vandrarhem","description":"","potentialAction":[{"@type":"SearchAction","target":{"@type":"EntryPoint","urlTemplate":"https:\/\/hovravandrarhem.se\/?s={search_term_string}"},"query-input":{"@type":"PropertyValueSpecification","valueRequired":true,"valueName":"search_term_string"}}],"inLanguage":"sv-SE"}]}},"_links":{"self":[{"href":"https:\/\/hovravandrarhem.se\/sv\/wp-json\/wp\/v2\/pages\/1743","targetHints":{"allow":["GET"]}}],"collection":[{"href":"https:\/\/hovravandrarhem.se\/sv\/wp-json\/wp\/v2\/pages"}],"about":[{"href":"https:\/\/hovravandrarhem.se\/sv\/wp-json\/wp\/v2\/types\/page"}],"author":[{"embeddable":true,"href":"https:\/\/hovravandrarhem.se\/sv\/wp-json\/wp\/v2\/users\/1"}],"replies":[{"embeddable":true,"href":"https:\/\/hovravandrarhem.se\/sv\/wp-json\/wp\/v2\/comments?post=1743"}],"version-history":[{"count":24,"href":"https:\/\/hovravandrarhem.se\/sv\/wp-json\/wp\/v2\/pages\/1743\/revisions"}],"predecessor-version":[{"id":2526,"href":"https:\/\/hovravandrarhem.se\/sv\/wp-json\/wp\/v2\/pages\/1743\/revisions\/2526"}],"wp:featuredmedia":[{"embeddable":true,"href":"https:\/\/hovravandrarhem.se\/sv\/wp-json\/wp\/v2\/media\/1260"}],"wp:attachment":[{"href":"https:\/\/hovravandrarhem.se\/sv\/wp-json\/wp\/v2\/media?parent=1743"}],"curies":[{"name":"wp","href":"https:\/\/api.w.org\/{rel}","templated":true}]}}